{"id":11,"date":"2018-06-21T20:59:57","date_gmt":"2018-06-21T20:59:57","guid":{"rendered":"http:\/\/jedermann-jederhund.de\/?page_id=11"},"modified":"2025-11-18T17:14:10","modified_gmt":"2025-11-18T17:14:10","slug":"ausbildung","status":"publish","type":"page","link":"https:\/\/jedermann-jederhund.de\/?page_id=11","title":{"rendered":"\u00dcber mich"},"content":{"rendered":"\n<p>Hallo, ich bin Jasmin Meyer, zertifizierte Hundetrainerin und leidenschaftliche Dogwalkerin aus Dortmund.<br>Hunde begleiten mich seit meiner Kindheit und sind heute ein zentraler Teil meines Alltags \u2013 beruflich wie privat.<\/p>\n\n\n\n<p>Schon fr\u00fch habe ich begonnen, mich intensiv mit Hundeverhalten, Kommunikation und alltagstauglichem Training zu besch\u00e4ftigen. Mein Ziel war es immer, Hunde besser zu verstehen und ihnen eine klare, liebevolle und sichere F\u00fchrung zu bieten.<\/p>\n\n\n\n<p>2011 machte ich den Schritt in die Selbst\u00e4ndigkeit als Hundetrainerin.<br> Ich absolvierte eine 2,5-j\u00e4hrige Ausbildung zum Hundetrainer und Verhaltensberater bei dogument, die ich 2013 abschloss. Die Ausbildung war sehr wissenschaftlich fundiert und praxisorientiert und vermittelte Methodenreichtum. Hinzu kamen intensive Fortbildungen zur vielschichtigen Problematik \u201eAggressionsverhalten von Hunden\u201c.<br><\/p>\n\n\n\n<p>2014 habe ich die fachliche Pr\u00fcfung nach \u00a711 Tierschutzgesetz beim Veterin\u00e4ramt Dortmund erfolgreich abgelegt. Seitdem arbeite ich professionell mit Hunden und unterst\u00fctze Mensch-Hund-Teams dabei, ein harmonisches und entspanntes Miteinander aufzubauen.<\/p>\n\n\n\n<p><strong>Mein Schwerpunkt: Professioneller Gassiservice in Dortmund<\/strong><\/p>\n\n\n\n<p>Mit den Jahren merkte ich, dass meine gr\u00f6\u00dfte Leidenschaft die t\u00e4gliche Betreuung und Auslastung von Hunden ist. Das Zusammensein mit verschiedenen Charakteren, das F\u00fchren von kleinen Gruppen und das Beobachten, wie Hunde durch klare Struktur Sicherheit finden \u2013 all das erf\u00fcllt mich jeden Tag aufs Neue.<\/p>\n\n\n\n<p>Darum habe ich mich seit 2018 auf den Gassiservice spezialisiert.<br>F\u00fcr viele Hunde aus Dortmund bin ich seitdem t\u00e4gliche Begleiterin, sichere Bezugsperson und verl\u00e4ssliche Unterst\u00fctzung f\u00fcr ihre Menschen.<\/p>\n\n\n\n<p><strong>Was mir beim Gassi gehen wichtig ist<\/strong><\/p>\n\n\n\n<p>Als Dogwalkerin bringe ich nicht nur Hunde von A nach B.<br>Ich lege gro\u00dfen Wert auf:<\/p>\n\n\n\n<p>sichere, strukturierte Spazierg\u00e4nge in kleinen Gruppen<\/p>\n\n\n\n<p>mentale Auslastung durch kleine \u00dcbungen und Schn\u00fcffelaufgaben<\/p>\n\n\n\n<p>ruhige, harmonische Abl\u00e4ufe, die jedem Hund Orientierung geben<\/p>\n\n\n\n<p>verl\u00e4ssliche Betreuung und individuelle Anpassung an jeden Hund<\/p>\n\n\n\n<p>fachliche Kompetenz, basierend auf Erfahrung und Weiterbildung<\/p>\n\n\n\n<p>Jeder Hund soll sich bei mir wohl, verstanden und gut begleitet f\u00fchlen.<\/p>\n\n\n\n<p><strong>Warum ich meine Arbeit liebe<\/strong><\/p>\n\n\n\n<p>Ein Gassiservice ist f\u00fcr mich mehr als ein Job.<br>Es ist t\u00e4gliche Beziehungspflege, Verantwortung und echte Freude an der Arbeit mit Hunden.<\/p>\n\n\n\n<p>Hunde verdienen mehr als nur eine schnelle Runde \u2013 sie verdienen Zeit, Aufmerksamkeit und Menschen, die sie wirklich lesen k\u00f6nnen. Genau das m\u00f6chte ich ihnen geben.<\/p>\n","protected":false},"excerpt":{"rendered":"<p>Hallo, ich bin Jasmin Meyer, zertifizierte Hundetrainerin und leidenschaftliche Dogwalkerin aus Dortmund.Hunde begleiten mich seit meiner Kindheit und sind heute ein zentraler Teil meines Alltags \u2013 beruflich wie privat. Schon fr\u00fch habe ich begonnen, mich intensiv mit Hundeverhalten, Kommunikation und alltagstauglichem Training zu besch\u00e4ftigen. Mein Ziel war es immer, Hunde besser zu verstehen und ihnen &hellip; <\/p>\n<p class=\"link-more\"><a href=\"https:\/\/jedermann-jederhund.de\/?page_id=11\" class=\"more-link\"><span class=\"screen-reader-text\">\u201e\u00dcber mich\u201c<\/span> weiterlesen<\/a><\/p>\n","protected":false},"author":1,"featured_media":386,"parent":0,"menu_order":0,"comment_status":"closed","ping_status":"closed","template":"","meta":{"footnotes":""},"_links":{"self":[{"href":"https:\/\/jedermann-jederhund.de\/index.php?rest_route=\/wp\/v2\/pages\/11"}],"collection":[{"href":"https:\/\/jedermann-jederhund.de\/index.php?rest_route=\/wp\/v2\/pages"}],"about":[{"href":"https:\/\/jedermann-jederhund.de\/index.php?rest_route=\/wp\/v2\/types\/page"}],"author":[{"embeddable":true,"href":"https:\/\/jedermann-jederhund.de\/index.php?rest_route=\/wp\/v2\/users\/1"}],"replies":[{"embeddable":true,"href":"https:\/\/jedermann-jederhund.de\/index.php?rest_route=%2Fwp%2Fv2%2Fcomments&post=11"}],"version-history":[{"count":25,"href":"https:\/\/jedermann-jederhund.de\/index.php?rest_route=\/wp\/v2\/pages\/11\/revisions"}],"predecessor-version":[{"id":437,"href":"https:\/\/jedermann-jederhund.de\/index.php?rest_route=\/wp\/v2\/pages\/11\/revisions\/437"}],"wp:featuredmedia":[{"embeddable":true,"href":"https:\/\/jedermann-jederhund.de\/index.php?rest_route=\/wp\/v2\/media\/386"}],"wp:attachment":[{"href":"https:\/\/jedermann-jederhund.de\/index.php?rest_route=%2Fwp%2Fv2%2Fmedia&parent=11"}],"curies":[{"name":"wp","href":"https:\/\/api.w.org\/{rel}","templated":true}]}}