{"id":22,"date":"2018-06-21T21:05:40","date_gmt":"2018-06-21T21:05:40","guid":{"rendered":"http:\/\/jedermann-jederhund.de\/?page_id=22"},"modified":"2025-11-18T17:45:37","modified_gmt":"2025-11-18T17:45:37","slug":"einzelstunden","status":"publish","type":"page","link":"https:\/\/jedermann-jederhund.de\/?page_id=22","title":{"rendered":"Einzelstunden"},"content":{"rendered":"<p>Jedes Mensch-Hund-Team ist individuell. Genau so individuell sollte auch die Beratung sein. Egal ob dein Problem mit Angst, Aggression, Jagd oder sonstigem unerw\u00fcnschtem Verhalten beim Hund zu tun hat. Ich versuche, dich nicht in ein Schema zu dr\u00fccken oder dir diese oder jene Technik an die Hand zu geben. In den Einzelstunden haben wir die Zeit, uns das Problem ausf\u00fchrlich anzuschauen, den Hund kennen und &#8222;lesen&#8220; zu lernen, und uns f\u00fcr jedes Problem die optimale L\u00f6sung zu erarbeiten.<\/p>\n<p>Hier k\u00f6nnen wir gezielt an Situationen arbeiten, auf die in Gruppenstunden so ausf\u00fchrlich nicht eingegangen werden kann. Diese k\u00f6nnen z.B. Folgende sein:<\/p>\n<p>Dein Hund bleibt nicht alleine, bellt oder zerst\u00f6rt die Einrichtung<br \/>\nZieht an der Leine<br \/>\nJagd (Radfahrer, Jogger, etc.)<br \/>\nAggression gegen\u00fcber Artgenossen und\/oder Menschen<br \/>\nUnsicherheiten und \u00c4ngste gegen\u00fcber jeglichen Umwelteinfl\u00fcssen<br \/>\nL\u00e4\u00dft sich nicht zuverl\u00e4ssig abrufen<\/p>\n<p>Vor der ersten Einzelstunde treffen wir uns zu einem Erstgespr\u00e4ch. Dort habe ich die Zeit, dich und deinen Hund kennen zu lernen, und mir ein Bild der gesamten Situation zu machen. Hier k\u00f6nnen wir auch bereits erste Schritte zur Probleml\u00f6sung erarbeiten.<\/p>\n<p>Dauer Erstgespr\u00e4ch: ca. 45 &#8211; 60 Minuten<br \/>\nDauer Einzelstunde: 45 Minuten<br \/>\nPreis: 70,00 \u20ac<\/p>\n<p>Hausbesuche: 80,00 \u20ac<\/p>\n","protected":false},"excerpt":{"rendered":"<p>Jedes Mensch-Hund-Team ist individuell. Genau so individuell sollte auch die Beratung sein. Egal ob dein Problem mit Angst, Aggression, Jagd oder sonstigem unerw\u00fcnschtem Verhalten beim Hund zu tun hat. Ich versuche, dich nicht in ein Schema zu dr\u00fccken oder dir diese oder jene Technik an die Hand zu geben. In den Einzelstunden haben wir die &hellip; <\/p>\n<p class=\"link-more\"><a href=\"https:\/\/jedermann-jederhund.de\/?page_id=22\" class=\"more-link\"><span class=\"screen-reader-text\">\u201eEinzelstunden\u201c<\/span> weiterlesen<\/a><\/p>\n","protected":false},"author":1,"featured_media":388,"parent":0,"menu_order":0,"comment_status":"closed","ping_status":"closed","template":"","meta":{"footnotes":""},"_links":{"self":[{"href":"https:\/\/jedermann-jederhund.de\/index.php?rest_route=\/wp\/v2\/pages\/22"}],"collection":[{"href":"https:\/\/jedermann-jederhund.de\/index.php?rest_route=\/wp\/v2\/pages"}],"about":[{"href":"https:\/\/jedermann-jederhund.de\/index.php?rest_route=\/wp\/v2\/types\/page"}],"author":[{"embeddable":true,"href":"https:\/\/jedermann-jederhund.de\/index.php?rest_route=\/wp\/v2\/users\/1"}],"replies":[{"embeddable":true,"href":"https:\/\/jedermann-jederhund.de\/index.php?rest_route=%2Fwp%2Fv2%2Fcomments&post=22"}],"version-history":[{"count":11,"href":"https:\/\/jedermann-jederhund.de\/index.php?rest_route=\/wp\/v2\/pages\/22\/revisions"}],"predecessor-version":[{"id":446,"href":"https:\/\/jedermann-jederhund.de\/index.php?rest_route=\/wp\/v2\/pages\/22\/revisions\/446"}],"wp:featuredmedia":[{"embeddable":true,"href":"https:\/\/jedermann-jederhund.de\/index.php?rest_route=\/wp\/v2\/media\/388"}],"wp:attachment":[{"href":"https:\/\/jedermann-jederhund.de\/index.php?rest_route=%2Fwp%2Fv2%2Fmedia&parent=22"}],"curies":[{"name":"wp","href":"https:\/\/api.w.org\/{rel}","templated":true}]}}